{"id":530,"date":"2022-01-03T12:32:45","date_gmt":"2022-01-03T12:32:45","guid":{"rendered":"https:\/\/museodellaceramicadellatuscia.it\/?page_id=530"},"modified":"2022-06-27T14:12:40","modified_gmt":"2022-06-27T14:12:40","slug":"scuole","status":"publish","type":"page","link":"https:\/\/museodellaceramicadellatuscia.it\/en\/didattica\/scuole\/","title":{"rendered":"schools"},"content":{"rendered":"<div      class=\"vc_row wpb_row section vc_row-fluid  no-bckg-img-ipad vc_custom_1649162533447 grid_section\" style=' text-align:left;'><div class=\"section_inner clearfix\"><div class='section_inner_margin clearfix'><div class=\"wpb_column vc_column_container vc_col-sm-12 vc_col-lg-8 vc_col-md-8\"><div class=\"vc_column-inner\"><div class=\"wpb_wrapper\">\n\t<div class=\"wpb_text_column wpb_content_element\">\n\t\t<div class=\"wpb_wrapper\">\n\t\t\t<h3>Didattica per le scuole<\/h3>\n\n\t\t<\/div> \n\t<\/div> \t<div class=\"vc_empty_space\"  style=\"height: 24px\" ><span\n\t\t\tclass=\"vc_empty_space_inner\">\n\t\t\t<span class=\"empty_space_image\"  ><\/span>\n\t\t<\/span><\/div>\n\n\n\t<div class=\"wpb_text_column wpb_content_element\">\n\t\t<div class=\"wpb_wrapper\">\n\t\t\t<p><span style=\"font-weight: 400;\">Il <\/span><b>Museo della Ceramica della Tuscia <\/b><span style=\"font-weight: 400;\">propone per l\u2019anno scolastico 2021-2022 il progetto didattico gratuito \u201cScuole al Museo\u201d, destinato agli studenti delle scuole primarie e secondarie di primo e secondo grado della provincia di Viterbo.<\/span><\/p>\n<p><span style=\"font-weight: 400;\">Il <\/span><span style=\"font-weight: 400;\">progetto propone 4 differenti attivit\u00e0:<\/span><\/p>\n<p><b>\u201cManipolarte e Manipolarte Online\u201d<\/b><\/p>\n<p><span style=\"font-weight: 400;\">I ragazzi vengono coinvolti in un laboratorio di manipolazione dell\u2019argilla e decorazione ceramica volto a stimolare la creativit\u00e0 attraverso giochi guidati. (attivit\u00e0 in presenza o a distanza)<\/span><\/p>\n<p><b>\u201cAlla scoperta del Museo\u201d<\/b><\/p>\n<p><span style=\"font-weight: 400;\">I ragazzi vengono coinvolti in una caccia al tesoro in cui attraverso la risoluzione di enigmi, indovinelli e divertenti giochi scopriranno le peculiarit\u00e0 di alcuni dei reperti pi\u00f9 significativi esposti al museo. (attivit\u00e0 in presenza)<\/span><\/p>\n<p><b>\u201cThe profession of the apothecary\u201d<\/b><\/p>\n<p><span style=\"font-weight: 400;\">I ragazzi vengono coinvolti in un\u2019attivit\u00e0 didattico ludica in cui cimentandosi nella risoluzione di indovinelli e rebus verranno condotti alla scoperta delle ricette segrete degli antichi speziali e delle ceramiche in cui i medicamenti erano contenuti. (attivit\u00e0 in presenza)<\/span><\/p>\n<p><b>\u201cMedioevo e Cucina\u201d<\/b><\/p>\n<p><span style=\"font-weight: 400;\">I ragazzi vengono coinvolti in un\u2019esperienza educativa volta alla scoperta dei segreti dell\u2019arte culinaria medievale e rinascimentale attraverso giochi guidati e enigmi sempre pi\u00f9 complicati. (attivit\u00e0 in presenza)<\/span><\/p>\n<p><span style=\"font-weight: 400;\">Le proposte di attivit\u00e0 da svolgere in modalit\u00e0 a distanza o all\u2019interno della struttura museale sono state formulate per permettere agli studenti di essere coinvolti in piacevoli esperienze didattiche volte a stimolare l\u2019apprendimento e la creativit\u00e0 al fine di far conoscere la storia della citt\u00e0 di Viterbo attraverso la scoperta della collezione ceramica del Museo e delle sue peculiarit\u00e0.<\/span><\/p>\n<p><span style=\"font-weight: 400;\">Manipolarte online<\/span><\/p>\n<p><a href=\"https:\/\/museodellaceramicadellatuscia.it\/wp-content\/uploads\/2022\/02\/Manipolarte.pdf\" target=\"_blank\" rel=\"noopener\"><span style=\"font-weight: 400;\">Scopri come le scuole possono richiedere di partecipare alle attivit\u00e0.<\/span><\/a><\/p>\n\n\t\t<\/div> \n\t<\/div> <\/div><\/div><\/div><div class=\"wpb_column vc_column_container vc_col-sm-12 vc_col-lg-4 vc_col-md-4\"><div class=\"vc_column-inner\"><div class=\"wpb_wrapper\"><div class='q_elements_holder one_column responsive_mode_from_768' ><div class='q_elements_item' data-1024-1280='8px 50px 0 0' data-600-768='55px 50px 0 0' data-480='41px 0 0 0' data-animation='no' data-item-class='q_elements_holder_custom_669119'><div class='q_elements_item_inner'><div class='q_elements_item_content q_elements_holder_custom_669119' style='padding:0 50px 0 0'>\n\t<div class=\"wpb_single_image wpb_content_element vc_align_left\">\n\t\t<div class=\"wpb_wrapper\">\n\t\t\t\n\t\t\t<div class=\"vc_single_image-wrapper   vc_box_border_grey\"><img loading=\"lazy\" decoding=\"async\" width=\"2560\" height=\"1440\" src=\"https:\/\/museodellaceramicadellatuscia.it\/wp-content\/uploads\/2022\/02\/20200114_120811-scaled.jpg\" class=\"vc_single_image-img attachment-full\" alt=\"\" srcset=\"https:\/\/museodellaceramicadellatuscia.it\/wp-content\/uploads\/2022\/02\/20200114_120811-scaled.jpg 2560w, https:\/\/museodellaceramicadellatuscia.it\/wp-content\/uploads\/2022\/02\/20200114_120811-1024x576.jpg 1024w, https:\/\/museodellaceramicadellatuscia.it\/wp-content\/uploads\/2022\/02\/20200114_120811-768x432.jpg 768w, https:\/\/museodellaceramicadellatuscia.it\/wp-content\/uploads\/2022\/02\/20200114_120811-1536x864.jpg 1536w, https:\/\/museodellaceramicadellatuscia.it\/wp-content\/uploads\/2022\/02\/20200114_120811-2048x1152.jpg 2048w, https:\/\/museodellaceramicadellatuscia.it\/wp-content\/uploads\/2022\/02\/20200114_120811-700x394.jpg 700w, https:\/\/museodellaceramicadellatuscia.it\/wp-content\/uploads\/2022\/02\/20200114_120811-539x303.jpg 539w\" sizes=\"(max-width: 2560px) 100vw, 2560px\" \/><\/div>\n\t\t<\/div>\n\t<\/div>\n\n\t<div class=\"wpb_single_image wpb_content_element vc_align_left  vc_custom_1645800358762\">\n\t\t<div class=\"wpb_wrapper\">\n\t\t\t\n\t\t\t<div class=\"vc_single_image-wrapper   vc_box_border_grey\"><img loading=\"lazy\" decoding=\"async\" width=\"2560\" height=\"1795\" src=\"https:\/\/museodellaceramicadellatuscia.it\/wp-content\/uploads\/2022\/02\/20200121_105906-scaled.jpg\" class=\"vc_single_image-img attachment-full\" alt=\"\" srcset=\"https:\/\/museodellaceramicadellatuscia.it\/wp-content\/uploads\/2022\/02\/20200121_105906-scaled.jpg 2560w, https:\/\/museodellaceramicadellatuscia.it\/wp-content\/uploads\/2022\/02\/20200121_105906-1024x718.jpg 1024w, https:\/\/museodellaceramicadellatuscia.it\/wp-content\/uploads\/2022\/02\/20200121_105906-768x539.jpg 768w, https:\/\/museodellaceramicadellatuscia.it\/wp-content\/uploads\/2022\/02\/20200121_105906-1536x1077.jpg 1536w, https:\/\/museodellaceramicadellatuscia.it\/wp-content\/uploads\/2022\/02\/20200121_105906-2048x1436.jpg 2048w, https:\/\/museodellaceramicadellatuscia.it\/wp-content\/uploads\/2022\/02\/20200121_105906-700x491.jpg 700w\" sizes=\"(max-width: 2560px) 100vw, 2560px\" \/><\/div>\n\t\t<\/div>\n\t<\/div>\n<\/div><\/div><\/div><\/div><\/div><\/div><\/div><\/div><\/div><\/div><div      class=\"vc_row wpb_row section vc_row-fluid  no-bckg-img-ipad vc_custom_1652279190717 grid_section\" style=' text-align:left;'><div class=\"section_inner clearfix\"><div class='section_inner_margin clearfix'><div class=\"wpb_column vc_column_container vc_col-sm-6 vc_col-lg-6 vc_col-md-6\"><div class=\"vc_column-inner\"><div class=\"wpb_wrapper\"><div class=\"vc-hoverbox-wrapper  vc_custom_1656339145619 vc-hoverbox-shape--square vc-hoverbox-align--center vc-hoverbox-direction--default vc-hoverbox-width--100\"  ontouchstart=\"\">\n  <div class=\"vc-hoverbox\">\n    <div class=\"vc-hoverbox-inner\">\n      <div class=\"vc-hoverbox-block vc-hoverbox-front\" style=\"background-image: url(https:\/\/museodellaceramicadellatuscia.it\/wp-content\/uploads\/2016\/06\/scuole.jpg);\">\n        <div class=\"vc-hoverbox-block-inner vc-hoverbox-front-inner\">\n            <h2 style=\"text-align:center\">DIDATTICA<\/h2>\n        <\/div>\n      <\/div>\n      <div class=\"vc-hoverbox-block vc-hoverbox-back\" style=\"background-color: #375972;\">\n        <div class=\"vc-hoverbox-block-inner vc-hoverbox-back-inner\">\n            <h2 style=\"text-align:center\">DIDATTICA<\/h2>\n            <p><a href=\"https:\/\/museodellaceramicadellatuscia.it\/en\/portfolio_page\/didattica\/\"><strong>Vai alla pagina della DIDATTICA<\/strong><\/a><\/p>\n\n            \n        <\/div>\n      <\/div>\n    <\/div>\n  <\/div>\n<\/div><\/div><\/div><\/div><div class=\"wpb_column vc_column_container vc_col-sm-6 vc_col-lg-6 vc_col-md-6\"><div class=\"vc_column-inner\"><div class=\"wpb_wrapper\"><div class=\"vc-hoverbox-wrapper  vc_custom_1656339160670 vc-hoverbox-shape--square vc-hoverbox-align--center vc-hoverbox-direction--default vc-hoverbox-width--100\"  ontouchstart=\"\">\n  <div class=\"vc-hoverbox\">\n    <div class=\"vc-hoverbox-inner\">\n      <div class=\"vc-hoverbox-block vc-hoverbox-front\" style=\"background-image: url(https:\/\/museodellaceramicadellatuscia.it\/wp-content\/uploads\/2016\/06\/laboratori-2.jpg);\">\n        <div class=\"vc-hoverbox-block-inner vc-hoverbox-front-inner\">\n            <h2 style=\"text-align:center\">LABORATORI<\/h2>\n        <\/div>\n      <\/div>\n      <div class=\"vc-hoverbox-block vc-hoverbox-back\" style=\"background-color: #375972;\">\n        <div class=\"vc-hoverbox-block-inner vc-hoverbox-back-inner\">\n            <h2 style=\"text-align:center\">LABORATORI<\/h2>\n            <p><a href=\"https:\/\/museodellaceramicadellatuscia.it\/en\/didattica\/laboratori\/\"><strong>Vai alla pagina dei laboratori<\/strong><\/a><\/p>\n\n            \n        <\/div>\n      <\/div>\n    <\/div>\n  <\/div>\n<\/div><\/div><\/div><\/div><\/div><\/div><\/div>","protected":false},"excerpt":{"rendered":"Didattica per le scuole Il Museo della Ceramica della Tuscia propone per l\u2019anno scolastico 2021-2022 il progetto didattico gratuito \u201cScuole al Museo\u201d, destinato agli studenti delle scuole primarie e secondarie di primo e secondo grado della provincia di Viterbo. Il progetto propone 4 differenti attivit\u00e0:...","protected":false},"author":1,"featured_media":0,"parent":528,"menu_order":0,"comment_status":"closed","ping_status":"closed","template":"full_width.php","meta":{"footnotes":""},"yoast_head":"<!-- This site is optimized with the Yoast SEO plugin v23.5 - https:\/\/yoast.com\/wordpress\/plugins\/seo\/ -->\n<title>Scuole - museo della ceramica della tuscia<\/title>\n<meta name=\"robots\" content=\"index, follow, max-snippet:-1, max-image-preview:large, max-video-preview:-1\" \/>\n<link rel=\"canonical\" href=\"https:\/\/museodellaceramicadellatuscia.it\/en\/didattica\/scuole\/\" \/>\n<meta property=\"og:locale\" content=\"en_GB\" \/>\n<meta property=\"og:type\" content=\"article\" \/>\n<meta property=\"og:title\" content=\"Scuole - museo della ceramica della tuscia\" \/>\n<meta property=\"og:url\" content=\"https:\/\/museodellaceramicadellatuscia.it\/en\/didattica\/scuole\/\" \/>\n<meta property=\"og:site_name\" content=\"museo della ceramica della tuscia\" \/>\n<meta property=\"article:publisher\" content=\"https:\/\/www.facebook.com\/Museo-della-Ceramica-della-Tuscia-1426456461008150\/\" \/>\n<meta property=\"article:modified_time\" content=\"2022-06-27T14:12:40+00:00\" \/>\n<meta name=\"twitter:card\" content=\"summary_large_image\" \/>\n<meta name=\"twitter:label1\" content=\"Estimated reading time\" \/>\n\t<meta name=\"twitter:data1\" content=\"3 minutes\" \/>\n<script type=\"application\/ld+json\" class=\"yoast-schema-graph\">{\"@context\":\"https:\/\/schema.org\",\"@graph\":[{\"@type\":\"WebPage\",\"@id\":\"https:\/\/museodellaceramicadellatuscia.it\/en\/didattica\/scuole\/\",\"url\":\"https:\/\/museodellaceramicadellatuscia.it\/en\/didattica\/scuole\/\",\"name\":\"Scuole - museo della ceramica della tuscia\",\"isPartOf\":{\"@id\":\"https:\/\/museodellaceramicadellatuscia.it\/#website\"},\"datePublished\":\"2022-01-03T12:32:45+00:00\",\"dateModified\":\"2022-06-27T14:12:40+00:00\",\"breadcrumb\":{\"@id\":\"https:\/\/museodellaceramicadellatuscia.it\/en\/didattica\/scuole\/#breadcrumb\"},\"inLanguage\":\"en-GB\",\"potentialAction\":[{\"@type\":\"ReadAction\",\"target\":[\"https:\/\/museodellaceramicadellatuscia.it\/en\/didattica\/scuole\/\"]}]},{\"@type\":\"BreadcrumbList\",\"@id\":\"https:\/\/museodellaceramicadellatuscia.it\/en\/didattica\/scuole\/#breadcrumb\",\"itemListElement\":[{\"@type\":\"ListItem\",\"position\":1,\"name\":\"Home\",\"item\":\"https:\/\/museodellaceramicadellatuscia.it\/\"},{\"@type\":\"ListItem\",\"position\":2,\"name\":\"Didattica\",\"item\":\"https:\/\/museodellaceramicadellatuscia.it\/en\/?page_id=528\"},{\"@type\":\"ListItem\",\"position\":3,\"name\":\"Scuole\"}]},{\"@type\":\"WebSite\",\"@id\":\"https:\/\/museodellaceramicadellatuscia.it\/#website\",\"url\":\"https:\/\/museodellaceramicadellatuscia.it\/\",\"name\":\"Museo della Ceramica della Tuscia\",\"description\":\"Il museo della Ceramica della Tuscia, aperto al pubblico dal 1996 per iniziativa della Fondazione Carivit e del Comune di Viterbo, \u00e8 ospitato nei locali al piano terra di Palazzo Brugiotti a Viterbo.\",\"publisher\":{\"@id\":\"https:\/\/museodellaceramicadellatuscia.it\/#organization\"},\"alternateName\":\"Il Museo della Ceramica della Tuscia\",\"potentialAction\":[{\"@type\":\"SearchAction\",\"target\":{\"@type\":\"EntryPoint\",\"urlTemplate\":\"https:\/\/museodellaceramicadellatuscia.it\/?s={search_term_string}\"},\"query-input\":{\"@type\":\"PropertyValueSpecification\",\"valueRequired\":true,\"valueName\":\"search_term_string\"}}],\"inLanguage\":\"en-GB\"},{\"@type\":\"Organization\",\"@id\":\"https:\/\/museodellaceramicadellatuscia.it\/#organization\",\"name\":\"Museo della Ceramica della Tuscia\",\"url\":\"https:\/\/museodellaceramicadellatuscia.it\/\",\"logo\":{\"@type\":\"ImageObject\",\"inLanguage\":\"en-GB\",\"@id\":\"https:\/\/museodellaceramicadellatuscia.it\/#\/schema\/logo\/image\/\",\"url\":\"https:\/\/museodellaceramicadellatuscia.it\/wp-content\/uploads\/2023\/02\/mct_logo_positivo-1-1.png\",\"contentUrl\":\"https:\/\/museodellaceramicadellatuscia.it\/wp-content\/uploads\/2023\/02\/mct_logo_positivo-1-1.png\",\"width\":282,\"height\":100,\"caption\":\"Museo della Ceramica della Tuscia\"},\"image\":{\"@id\":\"https:\/\/museodellaceramicadellatuscia.it\/#\/schema\/logo\/image\/\"},\"sameAs\":[\"https:\/\/www.facebook.com\/Museo-della-Ceramica-della-Tuscia-1426456461008150\/\",\"https:\/\/www.instagram.com\/museoceramicatuscia\/\"]}]}<\/script>\n<!-- \/ Yoast SEO plugin. -->","yoast_head_json":{"title":"Scuole - museo della ceramica della tuscia","robots":{"index":"index","follow":"follow","max-snippet":"max-snippet:-1","max-image-preview":"max-image-preview:large","max-video-preview":"max-video-preview:-1"},"canonical":"https:\/\/museodellaceramicadellatuscia.it\/en\/didattica\/scuole\/","og_locale":"en_GB","og_type":"article","og_title":"Scuole - museo della ceramica della tuscia","og_url":"https:\/\/museodellaceramicadellatuscia.it\/en\/didattica\/scuole\/","og_site_name":"museo della ceramica della tuscia","article_publisher":"https:\/\/www.facebook.com\/Museo-della-Ceramica-della-Tuscia-1426456461008150\/","article_modified_time":"2022-06-27T14:12:40+00:00","twitter_card":"summary_large_image","twitter_misc":{"Estimated reading time":"3 minutes"},"schema":{"@context":"https:\/\/schema.org","@graph":[{"@type":"WebPage","@id":"https:\/\/museodellaceramicadellatuscia.it\/en\/didattica\/scuole\/","url":"https:\/\/museodellaceramicadellatuscia.it\/en\/didattica\/scuole\/","name":"Scuole - museo della ceramica della tuscia","isPartOf":{"@id":"https:\/\/museodellaceramicadellatuscia.it\/#website"},"datePublished":"2022-01-03T12:32:45+00:00","dateModified":"2022-06-27T14:12:40+00:00","breadcrumb":{"@id":"https:\/\/museodellaceramicadellatuscia.it\/en\/didattica\/scuole\/#breadcrumb"},"inLanguage":"en-GB","potentialAction":[{"@type":"ReadAction","target":["https:\/\/museodellaceramicadellatuscia.it\/en\/didattica\/scuole\/"]}]},{"@type":"BreadcrumbList","@id":"https:\/\/museodellaceramicadellatuscia.it\/en\/didattica\/scuole\/#breadcrumb","itemListElement":[{"@type":"ListItem","position":1,"name":"Home","item":"https:\/\/museodellaceramicadellatuscia.it\/"},{"@type":"ListItem","position":2,"name":"Didattica","item":"https:\/\/museodellaceramicadellatuscia.it\/en\/?page_id=528"},{"@type":"ListItem","position":3,"name":"Scuole"}]},{"@type":"WebSite","@id":"https:\/\/museodellaceramicadellatuscia.it\/#website","url":"https:\/\/museodellaceramicadellatuscia.it\/","name":"Museo della Ceramica della Tuscia","description":"Il museo della Ceramica della Tuscia, aperto al pubblico dal 1996 per iniziativa della Fondazione Carivit e del Comune di Viterbo, \u00e8 ospitato nei locali al piano terra di Palazzo Brugiotti a Viterbo.","publisher":{"@id":"https:\/\/museodellaceramicadellatuscia.it\/#organization"},"alternateName":"Il Museo della Ceramica della Tuscia","potentialAction":[{"@type":"SearchAction","target":{"@type":"EntryPoint","urlTemplate":"https:\/\/museodellaceramicadellatuscia.it\/?s={search_term_string}"},"query-input":{"@type":"PropertyValueSpecification","valueRequired":true,"valueName":"search_term_string"}}],"inLanguage":"en-GB"},{"@type":"Organization","@id":"https:\/\/museodellaceramicadellatuscia.it\/#organization","name":"Museo della Ceramica della Tuscia","url":"https:\/\/museodellaceramicadellatuscia.it\/","logo":{"@type":"ImageObject","inLanguage":"en-GB","@id":"https:\/\/museodellaceramicadellatuscia.it\/#\/schema\/logo\/image\/","url":"https:\/\/museodellaceramicadellatuscia.it\/wp-content\/uploads\/2023\/02\/mct_logo_positivo-1-1.png","contentUrl":"https:\/\/museodellaceramicadellatuscia.it\/wp-content\/uploads\/2023\/02\/mct_logo_positivo-1-1.png","width":282,"height":100,"caption":"Museo della Ceramica della Tuscia"},"image":{"@id":"https:\/\/museodellaceramicadellatuscia.it\/#\/schema\/logo\/image\/"},"sameAs":["https:\/\/www.facebook.com\/Museo-della-Ceramica-della-Tuscia-1426456461008150\/","https:\/\/www.instagram.com\/museoceramicatuscia\/"]}]}},"_links":{"self":[{"href":"https:\/\/museodellaceramicadellatuscia.it\/en\/wp-json\/wp\/v2\/pages\/530"}],"collection":[{"href":"https:\/\/museodellaceramicadellatuscia.it\/en\/wp-json\/wp\/v2\/pages"}],"about":[{"href":"https:\/\/museodellaceramicadellatuscia.it\/en\/wp-json\/wp\/v2\/types\/page"}],"author":[{"embeddable":true,"href":"https:\/\/museodellaceramicadellatuscia.it\/en\/wp-json\/wp\/v2\/users\/1"}],"replies":[{"embeddable":true,"href":"https:\/\/museodellaceramicadellatuscia.it\/en\/wp-json\/wp\/v2\/comments?post=530"}],"version-history":[{"count":12,"href":"https:\/\/museodellaceramicadellatuscia.it\/en\/wp-json\/wp\/v2\/pages\/530\/revisions"}],"predecessor-version":[{"id":1613,"href":"https:\/\/museodellaceramicadellatuscia.it\/en\/wp-json\/wp\/v2\/pages\/530\/revisions\/1613"}],"up":[{"embeddable":true,"href":"https:\/\/museodellaceramicadellatuscia.it\/en\/wp-json\/wp\/v2\/pages\/528"}],"wp:attachment":[{"href":"https:\/\/museodellaceramicadellatuscia.it\/en\/wp-json\/wp\/v2\/media?parent=530"}],"curies":[{"name":"wp","href":"https:\/\/api.w.org\/{rel}","templated":true}]}}